{"id":1328,"date":"2024-06-21T09:59:03","date_gmt":"2024-06-21T07:59:03","guid":{"rendered":"https:\/\/croqpizza54.fr\/?post_type=product&#038;p=1328"},"modified":"2026-03-23T22:48:03","modified_gmt":"2026-03-23T21:48:03","slug":"vegetarien","status":"publish","type":"product","link":"https:\/\/croqpizza54.fr\/index.php\/produit\/vegetarien\/","title":{"rendered":"Menu Sandwich V\u00e9g\u00e9tarien"},"content":{"rendered":"<p>Crudit\u00e9s, galette de pomme de terre, cheddar, poivron<br \/>\nServis en pain normal ou tortilla <\/p>\n","protected":false},"excerpt":{"rendered":"<p>Crudit\u00e9s, galette de pomme de terre, cheddar, poivron<br \/>\nServis en pain normal ou tortilla <\/p>\n","protected":false},"featured_media":3121,"comment_status":"closed","ping_status":"closed","template":"","meta":[],"product_brand":[],"product_cat":[72],"product_tag":[],"class_list":{"0":"post-1328","1":"product","2":"type-product","3":"status-publish","4":"has-post-thumbnail","6":"product_cat-sandwichs","8":"first","9":"instock","10":"taxable","11":"shipping-taxable","12":"purchasable","13":"product-type-variable"},"yoast_head":"<!-- This site is optimized with the Yoast SEO plugin v23.4 - https:\/\/yoast.com\/wordpress\/plugins\/seo\/ -->\n<title>Menu Sandwich V\u00e9g\u00e9tarien - Croq Pizza 54<\/title>\n<meta name=\"robots\" content=\"index, follow, max-snippet:-1, max-image-preview:large, max-video-preview:-1\" \/>\n<link rel=\"canonical\" href=\"https:\/\/croqpizza54.fr\/index.php\/produit\/vegetarien\/\" \/>\n<meta property=\"og:locale\" content=\"fr_FR\" \/>\n<meta property=\"og:type\" content=\"article\" \/>\n<meta property=\"og:title\" content=\"Menu Sandwich V\u00e9g\u00e9tarien - Croq Pizza 54\" \/>\n<meta property=\"og:description\" content=\"Crudit\u00e9s, galette de pomme de terre, cheddar, poivron Servis en pain normal ou tortilla\" \/>\n<meta property=\"og:url\" content=\"https:\/\/croqpizza54.fr\/index.php\/produit\/vegetarien\/\" \/>\n<meta property=\"og:site_name\" content=\"Croq Pizza 54\" \/>\n<meta property=\"article:publisher\" content=\"https:\/\/www.facebook.com\/profile.php?id=61559204956219\" \/>\n<meta property=\"article:modified_time\" content=\"2026-03-23T21:48:03+00:00\" \/>\n<meta property=\"og:image\" content=\"https:\/\/croqpizza54.fr\/wp-content\/uploads\/2024\/06\/sandwich-vegetarien.png\" \/>\n\t<meta property=\"og:image:width\" content=\"857\" \/>\n\t<meta property=\"og:image:height\" content=\"866\" \/>\n\t<meta property=\"og:image:type\" content=\"image\/png\" \/>\n<meta name=\"twitter:card\" content=\"summary_large_image\" \/>\n<meta name=\"twitter:label1\" content=\"Dur\u00e9e de lecture estim\u00e9e\" \/>\n\t<meta name=\"twitter:data1\" content=\"1 minute\" \/>\n<script type=\"application\/ld+json\" class=\"yoast-schema-graph\">{\"@context\":\"https:\/\/schema.org\",\"@graph\":[{\"@type\":\"WebPage\",\"@id\":\"https:\/\/croqpizza54.fr\/index.php\/produit\/vegetarien\/\",\"url\":\"https:\/\/croqpizza54.fr\/index.php\/produit\/vegetarien\/\",\"name\":\"Menu Sandwich V\u00e9g\u00e9tarien - Croq Pizza 54\",\"isPartOf\":{\"@id\":\"https:\/\/croqpizza54.fr\/#website\"},\"primaryImageOfPage\":{\"@id\":\"https:\/\/croqpizza54.fr\/index.php\/produit\/vegetarien\/#primaryimage\"},\"image\":{\"@id\":\"https:\/\/croqpizza54.fr\/index.php\/produit\/vegetarien\/#primaryimage\"},\"thumbnailUrl\":\"https:\/\/croqpizza54.fr\/wp-content\/uploads\/2024\/06\/sandwich-vegetarien.png\",\"datePublished\":\"2024-06-21T07:59:03+00:00\",\"dateModified\":\"2026-03-23T21:48:03+00:00\",\"breadcrumb\":{\"@id\":\"https:\/\/croqpizza54.fr\/index.php\/produit\/vegetarien\/#breadcrumb\"},\"inLanguage\":\"fr-FR\",\"potentialAction\":[{\"@type\":\"ReadAction\",\"target\":[\"https:\/\/croqpizza54.fr\/index.php\/produit\/vegetarien\/\"]}]},{\"@type\":\"ImageObject\",\"inLanguage\":\"fr-FR\",\"@id\":\"https:\/\/croqpizza54.fr\/index.php\/produit\/vegetarien\/#primaryimage\",\"url\":\"https:\/\/croqpizza54.fr\/wp-content\/uploads\/2024\/06\/sandwich-vegetarien.png\",\"contentUrl\":\"https:\/\/croqpizza54.fr\/wp-content\/uploads\/2024\/06\/sandwich-vegetarien.png\",\"width\":857,\"height\":866},{\"@type\":\"BreadcrumbList\",\"@id\":\"https:\/\/croqpizza54.fr\/index.php\/produit\/vegetarien\/#breadcrumb\",\"itemListElement\":[{\"@type\":\"ListItem\",\"position\":1,\"name\":\"Accueil\",\"item\":\"https:\/\/croqpizza54.fr\/\"},{\"@type\":\"ListItem\",\"position\":2,\"name\":\"Shop\",\"item\":\"https:\/\/croqpizza54.fr\/index.php\/shop\/\"},{\"@type\":\"ListItem\",\"position\":3,\"name\":\"Menu Sandwich V\u00e9g\u00e9tarien\"}]},{\"@type\":\"WebSite\",\"@id\":\"https:\/\/croqpizza54.fr\/#website\",\"url\":\"https:\/\/croqpizza54.fr\/\",\"name\":\"Croq Pizza 54\",\"description\":\"Croq Pizza 54\",\"publisher\":{\"@id\":\"https:\/\/croqpizza54.fr\/#organization\"},\"potentialAction\":[{\"@type\":\"SearchAction\",\"target\":{\"@type\":\"EntryPoint\",\"urlTemplate\":\"https:\/\/croqpizza54.fr\/?s={search_term_string}\"},\"query-input\":{\"@type\":\"PropertyValueSpecification\",\"valueRequired\":true,\"valueName\":\"search_term_string\"}}],\"inLanguage\":\"fr-FR\"},{\"@type\":\"Organization\",\"@id\":\"https:\/\/croqpizza54.fr\/#organization\",\"name\":\"Croq Pizza 54\",\"url\":\"https:\/\/croqpizza54.fr\/\",\"logo\":{\"@type\":\"ImageObject\",\"inLanguage\":\"fr-FR\",\"@id\":\"https:\/\/croqpizza54.fr\/#\/schema\/logo\/image\/\",\"url\":\"https:\/\/croqpizza54.fr\/wp-content\/uploads\/2024\/06\/logo-croq-3.png\",\"contentUrl\":\"https:\/\/croqpizza54.fr\/wp-content\/uploads\/2024\/06\/logo-croq-3.png\",\"width\":470,\"height\":110,\"caption\":\"Croq Pizza 54\"},\"image\":{\"@id\":\"https:\/\/croqpizza54.fr\/#\/schema\/logo\/image\/\"},\"sameAs\":[\"https:\/\/www.facebook.com\/profile.php?id=61559204956219\"]}]}<\/script>\n<!-- \/ Yoast SEO plugin. -->","yoast_head_json":{"title":"Menu Sandwich V\u00e9g\u00e9tarien - Croq Pizza 54","robots":{"index":"index","follow":"follow","max-snippet":"max-snippet:-1","max-image-preview":"max-image-preview:large","max-video-preview":"max-video-preview:-1"},"canonical":"https:\/\/croqpizza54.fr\/index.php\/produit\/vegetarien\/","og_locale":"fr_FR","og_type":"article","og_title":"Menu Sandwich V\u00e9g\u00e9tarien - Croq Pizza 54","og_description":"Crudit\u00e9s, galette de pomme de terre, cheddar, poivron Servis en pain normal ou tortilla","og_url":"https:\/\/croqpizza54.fr\/index.php\/produit\/vegetarien\/","og_site_name":"Croq Pizza 54","article_publisher":"https:\/\/www.facebook.com\/profile.php?id=61559204956219","article_modified_time":"2026-03-23T21:48:03+00:00","og_image":[{"width":857,"height":866,"url":"https:\/\/croqpizza54.fr\/wp-content\/uploads\/2024\/06\/sandwich-vegetarien.png","type":"image\/png"}],"twitter_card":"summary_large_image","twitter_misc":{"Dur\u00e9e de lecture estim\u00e9e":"1 minute"},"schema":{"@context":"https:\/\/schema.org","@graph":[{"@type":"WebPage","@id":"https:\/\/croqpizza54.fr\/index.php\/produit\/vegetarien\/","url":"https:\/\/croqpizza54.fr\/index.php\/produit\/vegetarien\/","name":"Menu Sandwich V\u00e9g\u00e9tarien - Croq Pizza 54","isPartOf":{"@id":"https:\/\/croqpizza54.fr\/#website"},"primaryImageOfPage":{"@id":"https:\/\/croqpizza54.fr\/index.php\/produit\/vegetarien\/#primaryimage"},"image":{"@id":"https:\/\/croqpizza54.fr\/index.php\/produit\/vegetarien\/#primaryimage"},"thumbnailUrl":"https:\/\/croqpizza54.fr\/wp-content\/uploads\/2024\/06\/sandwich-vegetarien.png","datePublished":"2024-06-21T07:59:03+00:00","dateModified":"2026-03-23T21:48:03+00:00","breadcrumb":{"@id":"https:\/\/croqpizza54.fr\/index.php\/produit\/vegetarien\/#breadcrumb"},"inLanguage":"fr-FR","potentialAction":[{"@type":"ReadAction","target":["https:\/\/croqpizza54.fr\/index.php\/produit\/vegetarien\/"]}]},{"@type":"ImageObject","inLanguage":"fr-FR","@id":"https:\/\/croqpizza54.fr\/index.php\/produit\/vegetarien\/#primaryimage","url":"https:\/\/croqpizza54.fr\/wp-content\/uploads\/2024\/06\/sandwich-vegetarien.png","contentUrl":"https:\/\/croqpizza54.fr\/wp-content\/uploads\/2024\/06\/sandwich-vegetarien.png","width":857,"height":866},{"@type":"BreadcrumbList","@id":"https:\/\/croqpizza54.fr\/index.php\/produit\/vegetarien\/#breadcrumb","itemListElement":[{"@type":"ListItem","position":1,"name":"Accueil","item":"https:\/\/croqpizza54.fr\/"},{"@type":"ListItem","position":2,"name":"Shop","item":"https:\/\/croqpizza54.fr\/index.php\/shop\/"},{"@type":"ListItem","position":3,"name":"Menu Sandwich V\u00e9g\u00e9tarien"}]},{"@type":"WebSite","@id":"https:\/\/croqpizza54.fr\/#website","url":"https:\/\/croqpizza54.fr\/","name":"Croq Pizza 54","description":"Croq Pizza 54","publisher":{"@id":"https:\/\/croqpizza54.fr\/#organization"},"potentialAction":[{"@type":"SearchAction","target":{"@type":"EntryPoint","urlTemplate":"https:\/\/croqpizza54.fr\/?s={search_term_string}"},"query-input":{"@type":"PropertyValueSpecification","valueRequired":true,"valueName":"search_term_string"}}],"inLanguage":"fr-FR"},{"@type":"Organization","@id":"https:\/\/croqpizza54.fr\/#organization","name":"Croq Pizza 54","url":"https:\/\/croqpizza54.fr\/","logo":{"@type":"ImageObject","inLanguage":"fr-FR","@id":"https:\/\/croqpizza54.fr\/#\/schema\/logo\/image\/","url":"https:\/\/croqpizza54.fr\/wp-content\/uploads\/2024\/06\/logo-croq-3.png","contentUrl":"https:\/\/croqpizza54.fr\/wp-content\/uploads\/2024\/06\/logo-croq-3.png","width":470,"height":110,"caption":"Croq Pizza 54"},"image":{"@id":"https:\/\/croqpizza54.fr\/#\/schema\/logo\/image\/"},"sameAs":["https:\/\/www.facebook.com\/profile.php?id=61559204956219"]}]}},"jetpack_sharing_enabled":true,"_links":{"self":[{"href":"https:\/\/croqpizza54.fr\/index.php\/wp-json\/wp\/v2\/product\/1328","targetHints":{"allow":["GET"]}}],"collection":[{"href":"https:\/\/croqpizza54.fr\/index.php\/wp-json\/wp\/v2\/product"}],"about":[{"href":"https:\/\/croqpizza54.fr\/index.php\/wp-json\/wp\/v2\/types\/product"}],"replies":[{"embeddable":true,"href":"https:\/\/croqpizza54.fr\/index.php\/wp-json\/wp\/v2\/comments?post=1328"}],"wp:featuredmedia":[{"embeddable":true,"href":"https:\/\/croqpizza54.fr\/index.php\/wp-json\/wp\/v2\/media\/3121"}],"wp:attachment":[{"href":"https:\/\/croqpizza54.fr\/index.php\/wp-json\/wp\/v2\/media?parent=1328"}],"wp:term":[{"taxonomy":"product_brand","embeddable":true,"href":"https:\/\/croqpizza54.fr\/index.php\/wp-json\/wp\/v2\/product_brand?post=1328"},{"taxonomy":"product_cat","embeddable":true,"href":"https:\/\/croqpizza54.fr\/index.php\/wp-json\/wp\/v2\/product_cat?post=1328"},{"taxonomy":"product_tag","embeddable":true,"href":"https:\/\/croqpizza54.fr\/index.php\/wp-json\/wp\/v2\/product_tag?post=1328"}],"curies":[{"name":"wp","href":"https:\/\/api.w.org\/{rel}","templated":true}]}}