{"id":3845,"date":"2026-04-14T21:16:14","date_gmt":"2026-04-14T19:16:14","guid":{"rendered":"https:\/\/croqpizza54.fr\/?page_id=3845"},"modified":"2026-04-14T21:22:21","modified_gmt":"2026-04-14T19:22:21","slug":"nos-promos","status":"publish","type":"page","link":"https:\/\/croqpizza54.fr\/index.php\/nos-promos\/","title":{"rendered":"NOS PROMOS"},"content":{"rendered":"\n<p>\ud83d\udd25 <strong>CROQ PIZZA se pr\u00e9pare pour la Coupe du Monde !<\/strong> \u26bd\ud83c\udf55<\/p>\n\n\n\n<p>La fi\u00e8vre du football arrive\u2026 et chez <strong>CROQ PIZZA<\/strong>, on ne fait pas les choses \u00e0 moiti\u00e9 !<\/p>\n\n\n\n<p>Nous sommes actuellement en train de vous pr\u00e9parer <strong>des offres exclusives<\/strong>, sp\u00e9cialement pens\u00e9es pour accompagner vos soir\u00e9es matchs \ud83c\udf89<\/p>\n\n\n\n<p>\ud83d\udc49 Menus sp\u00e9ciaux<br>\ud83d\udc49 Offres \u00e0 partager entre amis<br>\ud83d\udc49 Promotions exceptionnelles<\/p>\n\n\n\n<p>Que vous soyez en famille, entre amis ou devant le match en solo, <strong>on s\u2019occupe de tout pour r\u00e9galer vos papilles<\/strong> \ud83d\ude0b<\/p>\n\n\n\n<p>\ud83d\udcc5 Restez connect\u00e9s\u2026 nos offres arrivent tr\u00e8s bient\u00f4t !<\/p>\n\n\n\n<p>\u26bd\ud83c\udf55 <strong>CROQ PIZZA \u2013 Le go\u00fbt de la victoire !<\/strong><\/p>\n\n\n\n<figure class=\"wp-block-image size-large\"><img loading=\"lazy\" decoding=\"async\" width=\"683\" height=\"1024\" src=\"https:\/\/croqpizza54.fr\/wp-content\/uploads\/2026\/04\/ba8bf5eb-a919-4f07-aaad-90c9c7bebc90-683x1024.png\" alt=\"\" class=\"wp-image-3849\" srcset=\"https:\/\/croqpizza54.fr\/wp-content\/uploads\/2026\/04\/ba8bf5eb-a919-4f07-aaad-90c9c7bebc90-683x1024.png 683w, https:\/\/croqpizza54.fr\/wp-content\/uploads\/2026\/04\/ba8bf5eb-a919-4f07-aaad-90c9c7bebc90-200x300.png 200w, https:\/\/croqpizza54.fr\/wp-content\/uploads\/2026\/04\/ba8bf5eb-a919-4f07-aaad-90c9c7bebc90-768x1152.png 768w, https:\/\/croqpizza54.fr\/wp-content\/uploads\/2026\/04\/ba8bf5eb-a919-4f07-aaad-90c9c7bebc90-8x12.png 8w, https:\/\/croqpizza54.fr\/wp-content\/uploads\/2026\/04\/ba8bf5eb-a919-4f07-aaad-90c9c7bebc90-600x900.png 600w, https:\/\/croqpizza54.fr\/wp-content\/uploads\/2026\/04\/ba8bf5eb-a919-4f07-aaad-90c9c7bebc90.png 1024w\" sizes=\"auto, (max-width: 683px) 100vw, 683px\" \/><\/figure>\n","protected":false},"excerpt":{"rendered":"<p>\ud83d\udd25 CROQ PIZZA se pr\u00e9pare pour la Coupe du Monde ! \u26bd\ud83c\udf55 La fi\u00e8vre du football arrive\u2026 et chez CROQ PIZZA, on ne fait pas les choses \u00e0 moiti\u00e9 ! [&hellip;]<\/p>\n","protected":false},"author":1,"featured_media":0,"parent":0,"menu_order":0,"comment_status":"closed","ping_status":"closed","template":"","meta":{"footnotes":""},"class_list":["post-3845","page","type-page","status-publish","hentry"],"yoast_head":"<!-- This site is optimized with the Yoast SEO plugin v23.4 - https:\/\/yoast.com\/wordpress\/plugins\/seo\/ -->\n<title>NOS PROMOS - Croq Pizza 54<\/title>\n<meta name=\"robots\" content=\"index, follow, max-snippet:-1, max-image-preview:large, max-video-preview:-1\" \/>\n<link rel=\"canonical\" href=\"https:\/\/croqpizza54.fr\/index.php\/nos-promos\/\" \/>\n<meta property=\"og:locale\" content=\"fr_FR\" \/>\n<meta property=\"og:type\" content=\"article\" \/>\n<meta property=\"og:title\" content=\"NOS PROMOS - Croq Pizza 54\" \/>\n<meta property=\"og:description\" content=\"\ud83d\udd25 CROQ PIZZA se pr\u00e9pare pour la Coupe du Monde ! \u26bd\ud83c\udf55 La fi\u00e8vre du football arrive\u2026 et chez CROQ PIZZA, on ne fait pas les choses \u00e0 moiti\u00e9 ! [&hellip;]\" \/>\n<meta property=\"og:url\" content=\"https:\/\/croqpizza54.fr\/index.php\/nos-promos\/\" \/>\n<meta property=\"og:site_name\" content=\"Croq Pizza 54\" \/>\n<meta property=\"article:publisher\" content=\"https:\/\/www.facebook.com\/profile.php?id=61559204956219\" \/>\n<meta property=\"article:modified_time\" content=\"2026-04-14T19:22:21+00:00\" \/>\n<meta property=\"og:image\" content=\"https:\/\/croqpizza54.fr\/wp-content\/uploads\/2026\/04\/ba8bf5eb-a919-4f07-aaad-90c9c7bebc90-683x1024.png\" \/>\n<meta name=\"twitter:card\" content=\"summary_large_image\" \/>\n<meta name=\"twitter:label1\" content=\"Dur\u00e9e de lecture estim\u00e9e\" \/>\n\t<meta name=\"twitter:data1\" content=\"1 minute\" \/>\n<script type=\"application\/ld+json\" class=\"yoast-schema-graph\">{\"@context\":\"https:\/\/schema.org\",\"@graph\":[{\"@type\":\"WebPage\",\"@id\":\"https:\/\/croqpizza54.fr\/index.php\/nos-promos\/\",\"url\":\"https:\/\/croqpizza54.fr\/index.php\/nos-promos\/\",\"name\":\"NOS PROMOS - Croq Pizza 54\",\"isPartOf\":{\"@id\":\"https:\/\/croqpizza54.fr\/#website\"},\"primaryImageOfPage\":{\"@id\":\"https:\/\/croqpizza54.fr\/index.php\/nos-promos\/#primaryimage\"},\"image\":{\"@id\":\"https:\/\/croqpizza54.fr\/index.php\/nos-promos\/#primaryimage\"},\"thumbnailUrl\":\"https:\/\/croqpizza54.fr\/wp-content\/uploads\/2026\/04\/ba8bf5eb-a919-4f07-aaad-90c9c7bebc90-683x1024.png\",\"datePublished\":\"2026-04-14T19:16:14+00:00\",\"dateModified\":\"2026-04-14T19:22:21+00:00\",\"breadcrumb\":{\"@id\":\"https:\/\/croqpizza54.fr\/index.php\/nos-promos\/#breadcrumb\"},\"inLanguage\":\"fr-FR\",\"potentialAction\":[{\"@type\":\"ReadAction\",\"target\":[\"https:\/\/croqpizza54.fr\/index.php\/nos-promos\/\"]}]},{\"@type\":\"ImageObject\",\"inLanguage\":\"fr-FR\",\"@id\":\"https:\/\/croqpizza54.fr\/index.php\/nos-promos\/#primaryimage\",\"url\":\"https:\/\/croqpizza54.fr\/wp-content\/uploads\/2026\/04\/ba8bf5eb-a919-4f07-aaad-90c9c7bebc90.png\",\"contentUrl\":\"https:\/\/croqpizza54.fr\/wp-content\/uploads\/2026\/04\/ba8bf5eb-a919-4f07-aaad-90c9c7bebc90.png\",\"width\":1024,\"height\":1536},{\"@type\":\"BreadcrumbList\",\"@id\":\"https:\/\/croqpizza54.fr\/index.php\/nos-promos\/#breadcrumb\",\"itemListElement\":[{\"@type\":\"ListItem\",\"position\":1,\"name\":\"Accueil\",\"item\":\"https:\/\/croqpizza54.fr\/\"},{\"@type\":\"ListItem\",\"position\":2,\"name\":\"NOS PROMOS\"}]},{\"@type\":\"WebSite\",\"@id\":\"https:\/\/croqpizza54.fr\/#website\",\"url\":\"https:\/\/croqpizza54.fr\/\",\"name\":\"Croq Pizza 54\",\"description\":\"Croq Pizza 54\",\"publisher\":{\"@id\":\"https:\/\/croqpizza54.fr\/#organization\"},\"potentialAction\":[{\"@type\":\"SearchAction\",\"target\":{\"@type\":\"EntryPoint\",\"urlTemplate\":\"https:\/\/croqpizza54.fr\/?s={search_term_string}\"},\"query-input\":{\"@type\":\"PropertyValueSpecification\",\"valueRequired\":true,\"valueName\":\"search_term_string\"}}],\"inLanguage\":\"fr-FR\"},{\"@type\":\"Organization\",\"@id\":\"https:\/\/croqpizza54.fr\/#organization\",\"name\":\"Croq Pizza 54\",\"url\":\"https:\/\/croqpizza54.fr\/\",\"logo\":{\"@type\":\"ImageObject\",\"inLanguage\":\"fr-FR\",\"@id\":\"https:\/\/croqpizza54.fr\/#\/schema\/logo\/image\/\",\"url\":\"https:\/\/croqpizza54.fr\/wp-content\/uploads\/2024\/06\/logo-croq-3.png\",\"contentUrl\":\"https:\/\/croqpizza54.fr\/wp-content\/uploads\/2024\/06\/logo-croq-3.png\",\"width\":470,\"height\":110,\"caption\":\"Croq Pizza 54\"},\"image\":{\"@id\":\"https:\/\/croqpizza54.fr\/#\/schema\/logo\/image\/\"},\"sameAs\":[\"https:\/\/www.facebook.com\/profile.php?id=61559204956219\"]}]}<\/script>\n<!-- \/ Yoast SEO plugin. -->","yoast_head_json":{"title":"NOS PROMOS - Croq Pizza 54","robots":{"index":"index","follow":"follow","max-snippet":"max-snippet:-1","max-image-preview":"max-image-preview:large","max-video-preview":"max-video-preview:-1"},"canonical":"https:\/\/croqpizza54.fr\/index.php\/nos-promos\/","og_locale":"fr_FR","og_type":"article","og_title":"NOS PROMOS - Croq Pizza 54","og_description":"\ud83d\udd25 CROQ PIZZA se pr\u00e9pare pour la Coupe du Monde ! \u26bd\ud83c\udf55 La fi\u00e8vre du football arrive\u2026 et chez CROQ PIZZA, on ne fait pas les choses \u00e0 moiti\u00e9 ! [&hellip;]","og_url":"https:\/\/croqpizza54.fr\/index.php\/nos-promos\/","og_site_name":"Croq Pizza 54","article_publisher":"https:\/\/www.facebook.com\/profile.php?id=61559204956219","article_modified_time":"2026-04-14T19:22:21+00:00","og_image":[{"url":"https:\/\/croqpizza54.fr\/wp-content\/uploads\/2026\/04\/ba8bf5eb-a919-4f07-aaad-90c9c7bebc90-683x1024.png"}],"twitter_card":"summary_large_image","twitter_misc":{"Dur\u00e9e de lecture estim\u00e9e":"1 minute"},"schema":{"@context":"https:\/\/schema.org","@graph":[{"@type":"WebPage","@id":"https:\/\/croqpizza54.fr\/index.php\/nos-promos\/","url":"https:\/\/croqpizza54.fr\/index.php\/nos-promos\/","name":"NOS PROMOS - Croq Pizza 54","isPartOf":{"@id":"https:\/\/croqpizza54.fr\/#website"},"primaryImageOfPage":{"@id":"https:\/\/croqpizza54.fr\/index.php\/nos-promos\/#primaryimage"},"image":{"@id":"https:\/\/croqpizza54.fr\/index.php\/nos-promos\/#primaryimage"},"thumbnailUrl":"https:\/\/croqpizza54.fr\/wp-content\/uploads\/2026\/04\/ba8bf5eb-a919-4f07-aaad-90c9c7bebc90-683x1024.png","datePublished":"2026-04-14T19:16:14+00:00","dateModified":"2026-04-14T19:22:21+00:00","breadcrumb":{"@id":"https:\/\/croqpizza54.fr\/index.php\/nos-promos\/#breadcrumb"},"inLanguage":"fr-FR","potentialAction":[{"@type":"ReadAction","target":["https:\/\/croqpizza54.fr\/index.php\/nos-promos\/"]}]},{"@type":"ImageObject","inLanguage":"fr-FR","@id":"https:\/\/croqpizza54.fr\/index.php\/nos-promos\/#primaryimage","url":"https:\/\/croqpizza54.fr\/wp-content\/uploads\/2026\/04\/ba8bf5eb-a919-4f07-aaad-90c9c7bebc90.png","contentUrl":"https:\/\/croqpizza54.fr\/wp-content\/uploads\/2026\/04\/ba8bf5eb-a919-4f07-aaad-90c9c7bebc90.png","width":1024,"height":1536},{"@type":"BreadcrumbList","@id":"https:\/\/croqpizza54.fr\/index.php\/nos-promos\/#breadcrumb","itemListElement":[{"@type":"ListItem","position":1,"name":"Accueil","item":"https:\/\/croqpizza54.fr\/"},{"@type":"ListItem","position":2,"name":"NOS PROMOS"}]},{"@type":"WebSite","@id":"https:\/\/croqpizza54.fr\/#website","url":"https:\/\/croqpizza54.fr\/","name":"Croq Pizza 54","description":"Croq Pizza 54","publisher":{"@id":"https:\/\/croqpizza54.fr\/#organization"},"potentialAction":[{"@type":"SearchAction","target":{"@type":"EntryPoint","urlTemplate":"https:\/\/croqpizza54.fr\/?s={search_term_string}"},"query-input":{"@type":"PropertyValueSpecification","valueRequired":true,"valueName":"search_term_string"}}],"inLanguage":"fr-FR"},{"@type":"Organization","@id":"https:\/\/croqpizza54.fr\/#organization","name":"Croq Pizza 54","url":"https:\/\/croqpizza54.fr\/","logo":{"@type":"ImageObject","inLanguage":"fr-FR","@id":"https:\/\/croqpizza54.fr\/#\/schema\/logo\/image\/","url":"https:\/\/croqpizza54.fr\/wp-content\/uploads\/2024\/06\/logo-croq-3.png","contentUrl":"https:\/\/croqpizza54.fr\/wp-content\/uploads\/2024\/06\/logo-croq-3.png","width":470,"height":110,"caption":"Croq Pizza 54"},"image":{"@id":"https:\/\/croqpizza54.fr\/#\/schema\/logo\/image\/"},"sameAs":["https:\/\/www.facebook.com\/profile.php?id=61559204956219"]}]}},"jetpack_sharing_enabled":true,"_links":{"self":[{"href":"https:\/\/croqpizza54.fr\/index.php\/wp-json\/wp\/v2\/pages\/3845","targetHints":{"allow":["GET"]}}],"collection":[{"href":"https:\/\/croqpizza54.fr\/index.php\/wp-json\/wp\/v2\/pages"}],"about":[{"href":"https:\/\/croqpizza54.fr\/index.php\/wp-json\/wp\/v2\/types\/page"}],"author":[{"embeddable":true,"href":"https:\/\/croqpizza54.fr\/index.php\/wp-json\/wp\/v2\/users\/1"}],"replies":[{"embeddable":true,"href":"https:\/\/croqpizza54.fr\/index.php\/wp-json\/wp\/v2\/comments?post=3845"}],"version-history":[{"count":3,"href":"https:\/\/croqpizza54.fr\/index.php\/wp-json\/wp\/v2\/pages\/3845\/revisions"}],"predecessor-version":[{"id":3850,"href":"https:\/\/croqpizza54.fr\/index.php\/wp-json\/wp\/v2\/pages\/3845\/revisions\/3850"}],"wp:attachment":[{"href":"https:\/\/croqpizza54.fr\/index.php\/wp-json\/wp\/v2\/media?parent=3845"}],"curies":[{"name":"wp","href":"https:\/\/api.w.org\/{rel}","templated":true}]}}